{"id":3794,"date":"2023-02-15T21:01:05","date_gmt":"2023-02-15T21:01:05","guid":{"rendered":"https:\/\/www.adventurelights.com\/referer-magasin-adventure-lights\/"},"modified":"2023-05-22T16:49:09","modified_gmt":"2023-05-22T16:49:09","slug":"referer-magasin-adventure-lights","status":"publish","type":"page","link":"https:\/\/www.adventurelights.com\/fr\/referer-magasin-adventure-lights\/","title":{"rendered":"R\u00e9f\u00e9rer un magasin &#8211; Adventure Lights"},"content":{"rendered":"\t\t<div data-elementor-type=\"wp-page\" data-elementor-id=\"3794\" class=\"elementor elementor-3794 elementor-770\" data-elementor-post-type=\"page\">\n\t\t\t\t<div class=\"elementor-element elementor-element-3fdf07a e-flex e-con-boxed e-con e-parent\" data-id=\"3fdf07a\" data-element_type=\"container\">\n\t\t\t\t\t<div class=\"e-con-inner\">\n\t\t<div class=\"elementor-element elementor-element-d80410a e-con-full e-flex e-con e-parent\" data-id=\"d80410a\" data-element_type=\"container\">\n\t\t\t\t<div class=\"elementor-element elementor-element-4d1e09b elementor-widget elementor-widget-wpforms\" data-id=\"4d1e09b\" data-element_type=\"widget\" data-widget_type=\"wpforms.default\">\n\t\t\t\t<div class=\"elementor-widget-container\">\n\t\t\t\t\t<div class=\"wpforms-container wpforms-container-full\" id=\"wpforms-775\"><form id=\"wpforms-form-775\" class=\"wpforms-validate wpforms-form wpforms-ajax-form\" data-formid=\"775\" method=\"post\" enctype=\"multipart\/form-data\" action=\"\/fr\/wp-json\/wp\/v2\/pages\/3794\" data-token=\"a6cd07dd76dc19e3f7b248b49764eed8\"><noscript class=\"wpforms-error-noscript\">Veuillez activer JavaScript dans votre navigateur pour remplir ce formulaire.<\/noscript><div class=\"wpforms-field-container\"><div id=\"wpforms-775-field_0-container\" class=\"wpforms-field wpforms-field-name\" data-field-id=\"0\"><label class=\"wpforms-field-label\" for=\"wpforms-775-field_0\">Name <span class=\"wpforms-required-label\">*<\/span><\/label><div class=\"wpforms-field-row wpforms-field-large\"><div class=\"wpforms-field-row-block wpforms-first wpforms-one-half\"><input type=\"text\" id=\"wpforms-775-field_0\" class=\"wpforms-field-name-first wpforms-field-required\" name=\"wpforms[fields][0][first]\" required><label for=\"wpforms-775-field_0\" class=\"wpforms-field-sublabel after \">Pr\u00e9nom<\/label><\/div><div class=\"wpforms-field-row-block wpforms-one-half\"><input type=\"text\" id=\"wpforms-775-field_0-last\" class=\"wpforms-field-name-last wpforms-field-required\" name=\"wpforms[fields][0][last]\" required><label for=\"wpforms-775-field_0-last\" class=\"wpforms-field-sublabel after \">Nom<\/label><\/div><\/div><\/div><div id=\"wpforms-775-field_1-container\" class=\"wpforms-field wpforms-field-email\" data-field-id=\"1\"><label class=\"wpforms-field-label\" for=\"wpforms-775-field_1\">Email <span class=\"wpforms-required-label\">*<\/span><\/label><input type=\"email\" id=\"wpforms-775-field_1\" class=\"wpforms-field-large wpforms-field-required\" name=\"wpforms[fields][1]\" spellcheck=\"false\" required><\/div><div id=\"wpforms-775-field_2-container\" class=\"wpforms-field wpforms-field-textarea\" data-field-id=\"2\"><label class=\"wpforms-field-label\" for=\"wpforms-775-field_2\">Comment or Message<\/label><textarea id=\"wpforms-775-field_2\" class=\"wpforms-field-large\" name=\"wpforms[fields][2]\" ><\/textarea><\/div><\/div><!-- .wpforms-field-container --><div class=\"wpforms-recaptcha-container wpforms-is-recaptcha wpforms-is-recaptcha-type-v3\" ><input type=\"hidden\" name=\"wpforms[recaptcha]\" value=\"\"><\/div><div class=\"wpforms-submit-container\" ><input type=\"hidden\" name=\"wpforms[id]\" value=\"775\"><input type=\"hidden\" name=\"wpforms[author]\" value=\"1\"><button type=\"submit\" name=\"wpforms[submit]\" id=\"wpforms-submit-775\" class=\"wpforms-submit\" data-alt-text=\"Sending...\" data-submit-text=\"Submit\" aria-live=\"assertive\" value=\"wpforms-submit\">Submit<\/button><img decoding=\"async\" src=\"data:image\/gif;base64,R0lGODlhAQABAIAAAAAAAP\/\/\/yH5BAEAAAAALAAAAAABAAEAAAIBRAA7\" data-src=\"https:\/\/www.adventurelights.com\/wp-content\/plugins\/wpforms\/assets\/images\/submit-spin.svg\" class=\"wpforms-submit-spinner lazyload\" style=\"display: none;\" width=\"26\" height=\"26\" alt=\"Chargement en cours\"><noscript><img decoding=\"async\" src=\"https:\/\/www.adventurelights.com\/wp-content\/plugins\/wpforms\/assets\/images\/submit-spin.svg\" class=\"wpforms-submit-spinner lazyload\" style=\"display: none;\" width=\"26\" height=\"26\" alt=\"Chargement en cours\"><\/noscript><\/div><\/form><\/div>  <!-- .wpforms-container -->\t\t\t\t<\/div>\n\t\t\t\t<\/div>\n\t\t\t\t<\/div>\n\t\t<div class=\"elementor-element elementor-element-f7bc47d e-con-full e-flex e-con e-parent\" data-id=\"f7bc47d\" data-element_type=\"container\">\n\t\t\t\t<div class=\"elementor-element elementor-element-ab15107 elementor-widget elementor-widget-text-editor\" data-id=\"ab15107\" data-element_type=\"widget\" data-widget_type=\"text-editor.default\">\n\t\t\t\t<div class=\"elementor-widget-container\">\n\t\t\t\t\t\t\t\t\t<p>Attention \u00e0 tous les acheteurs et passionn\u00e9s du commerce de d\u00e9tail ! Nous sommes \u00e0 la recherche de nouveaux magasins pour vendre nos produits exceptionnels, et nous avons besoin de votre aide ! Nos produits sont parmi les plus innovants, uniques et recherch\u00e9s sur le march\u00e9, et nous voulons les partager avec le plus grand nombre possible de personnes.<\/p>\n<p>C&rsquo;est l\u00e0 que vous intervenez. Nous vous demandons votre aide pour sugg\u00e9rer de nouveaux magasins o\u00f9 nous pourrions vendre nos produits. Connaissez-vous un super magasin qui serait parfait pour nous ? Peut-\u00eatre une boutique locale, un grand magasin ou un d\u00e9taillant en ligne que vous adorez. Quel que soit le magasin, nous voulons en entendre parler !<\/p>\n<p>En sugg\u00e9rant un nouveau magasin, vous nous aiderez \u00e0 \u00e9tendre notre port\u00e9e et \u00e0 entrer en contact avec encore plus de clients. De plus, si nous nous associons avec le magasin que vous avez sugg\u00e9r\u00e9, nous nous assurerons de vous accorder une remise sp\u00e9ciale sur votre prochain achat.<\/p>\n<p>Alors, qu&rsquo;attendez-vous ? Aidez-nous \u00e0 faire conna\u00eetre nos produits et sugg\u00e9rez un nouveau magasin d\u00e8s aujourd&rsquo;hui. Nous sommes impatients de voir o\u00f9 nos produits atterriront ensuite !<\/p>\n\t\t\t\t\t\t\t\t<\/div>\n\t\t\t\t<\/div>\n\t\t\t\t<\/div>\n\t\t\t\t\t<\/div>\n\t\t\t\t<\/div>\n\t\t\t\t<\/div>\n\t\t","protected":false},"excerpt":{"rendered":"<p>Attention \u00e0 tous les acheteurs et passionn\u00e9s du commerce de d\u00e9tail ! Nous sommes \u00e0 la recherche de nouveaux magasins pour vendre nos produits exceptionnels, et nous avons besoin de votre aide ! Nos produits sont parmi les plus innovants, uniques et recherch\u00e9s sur le march\u00e9, et nous voulons les partager avec le plus grand [&hellip;]<\/p>\n","protected":false},"author":1,"featured_media":0,"parent":0,"menu_order":0,"comment_status":"closed","ping_status":"closed","template":"","meta":{"_acf_changed":false,"_monsterinsights_skip_tracking":false,"_monsterinsights_sitenote_active":false,"_monsterinsights_sitenote_note":"","_monsterinsights_sitenote_category":0,"_uf_show_specific_survey":0,"_uf_disable_surveys":false,"footnotes":""},"class_list":["post-3794","page","type-page","status-publish","hentry"],"acf":[],"aioseo_notices":[],"_links":{"self":[{"href":"https:\/\/www.adventurelights.com\/fr\/wp-json\/wp\/v2\/pages\/3794","targetHints":{"allow":["GET"]}}],"collection":[{"href":"https:\/\/www.adventurelights.com\/fr\/wp-json\/wp\/v2\/pages"}],"about":[{"href":"https:\/\/www.adventurelights.com\/fr\/wp-json\/wp\/v2\/types\/page"}],"author":[{"embeddable":true,"href":"https:\/\/www.adventurelights.com\/fr\/wp-json\/wp\/v2\/users\/1"}],"replies":[{"embeddable":true,"href":"https:\/\/www.adventurelights.com\/fr\/wp-json\/wp\/v2\/comments?post=3794"}],"version-history":[{"count":0,"href":"https:\/\/www.adventurelights.com\/fr\/wp-json\/wp\/v2\/pages\/3794\/revisions"}],"wp:attachment":[{"href":"https:\/\/www.adventurelights.com\/fr\/wp-json\/wp\/v2\/media?parent=3794"}],"curies":[{"name":"wp","href":"https:\/\/api.w.org\/{rel}","templated":true}]}}